{"id":6314,"date":"2014-12-16T19:13:26","date_gmt":"2014-12-16T19:13:26","guid":{"rendered":"http:\/\/oficinadevacinas.com.br\/wp\/?page_id=6314"},"modified":"2016-09-24T12:34:28","modified_gmt":"2016-09-24T12:34:28","slug":"sobre-nos","status":"publish","type":"page","link":"https:\/\/oficinadevacinas.com.br\/wp\/?page_id=6314","title":{"rendered":"Sobre N\u00f3s"},"content":{"rendered":"<p><a href=\"http:\/\/oficinadevacinas.com.br\/wp\/wp-content\/uploads\/2014\/12\/fachada2otimizada.gif\"><img decoding=\"async\" loading=\"lazy\" class=\"alignnone wp-image-6756 size-medium\" src=\"http:\/\/oficinadevacinas.com.br\/wp\/wp-content\/uploads\/2014\/12\/fachada2otimizada-279x300.gif\" alt=\"\" width=\"279\" height=\"300\" srcset=\"https:\/\/oficinadevacinas.com.br\/wp\/wp-content\/uploads\/2014\/12\/fachada2otimizada-279x300.gif 279w, https:\/\/oficinadevacinas.com.br\/wp\/wp-content\/uploads\/2014\/12\/fachada2otimizada-710x762.gif 710w\" sizes=\"(max-width: 279px) 100vw, 279px\" \/><\/a><\/p>\n<p>A Oficina de Vacinas (Central de vacinas Bittencourt, Coracini &amp; Marques LTDA), CNPJ 02550287\/0001-59, inscri\u00e7\u00e3o estadual 091\/0203636, localizada, desde julho de 1998, na rua Uruguai 1328, cep 90.101-111, telefone (54) 33136218\/ fax (54) 33117390. Idealizou pelos seus respons\u00e1veis t\u00e9cnicos, m\u00e9dicos pediatras Cl\u00e1udio Roberto Coracini, Francisco Cassol de Bittencourt e Wilson Vieira Marques, a oportunidade de oferecer a de passo fundo e regi\u00e3o, um local exclusivo, com instala\u00e7\u00f5es amplas e adequadas \u00e0 finalidade proposta que \u00e9 a aplica\u00e7\u00e3o de vacinas humanas contra infec\u00e7\u00f5es.<br \/>\nA Oficina de Vacinas \u00e9 filiada a Associa\u00e7\u00e3o Brasileira de Imuniza\u00e7\u00f5es, mant\u00e9m acompanhamento do COREN (Conselho Regional de Enfermagem do RS), tem alvar\u00e1 de licen\u00e7a da Divis\u00e3o de Vigil\u00e2ncia Sanit\u00e1ria da Secretaria de Sa\u00fade e Meio Ambiente do RS, utiliza, entre outras, as informa\u00e7\u00f5es atualizadas do CDC (centro de controle de doen\u00e7as e preven\u00e7\u00e3o &#8211; Atlanta USA), da Academia Americana de Pediatria, da Sociedade Brasileira de Pediatria; tem apurado controle da cadeia de frio, isto \u00e9, desde o laborat\u00f3rio fabricante at\u00e9 chegar ao paciente, passando pela distribuidora, transportadora e clinica de aplica\u00e7\u00e3o, a temperatura das vacinas n\u00e3o deve ultrapassar os limites de 2 a 8\u00bac. Acredita a Oficina de Vacinas que est\u00e1 credenciada a oferecer um servi\u00e7o t\u00e9cnico e eticamente adequado aos m\u00e9dicos e seus pacientes.<br \/>\nNo momento abre mais um canal de comunica\u00e7\u00e3o, esperando que seja de utilidade no relacionamento entre a Oficina de Vacinas e seus clientes, atrav\u00e9s do qual espera receber questionamentos e cr\u00edticas e por que n\u00e3o, ainda que ocasionalmente, manifesta\u00e7\u00f5es de agrado pelo seu trabalho cuja finalidade \u00e9 a de bem servir.<\/p>\n","protected":false},"excerpt":{"rendered":"<p>A Oficina de Vacinas (Central de vacinas Bittencourt, Coracini &amp; Marques LTDA), CNPJ 02550287\/0001-59, inscri\u00e7\u00e3o estadual 091\/0203636, localizada, desde julho de 1998, na rua Uruguai 1328, cep 90.101-111, telefone (54) 33136218\/ fax (54) 33117390. Idealizou pelos seus respons\u00e1veis t\u00e9cnicos, m\u00e9dicos pediatras Cl\u00e1udio Roberto Coracini, Francisco Cassol de Bittencourt e Wilson Vieira Marques, a oportunidade de&#8230;<\/p>\n","protected":false},"author":1,"featured_media":0,"parent":0,"menu_order":0,"comment_status":"open","ping_status":"open","template":"","meta":[],"_links":{"self":[{"href":"https:\/\/oficinadevacinas.com.br\/wp\/index.php?rest_route=\/wp\/v2\/pages\/6314"}],"collection":[{"href":"https:\/\/oficinadevacinas.com.br\/wp\/index.php?rest_route=\/wp\/v2\/pages"}],"about":[{"href":"https:\/\/oficinadevacinas.com.br\/wp\/index.php?rest_route=\/wp\/v2\/types\/page"}],"author":[{"embeddable":true,"href":"https:\/\/oficinadevacinas.com.br\/wp\/index.php?rest_route=\/wp\/v2\/users\/1"}],"replies":[{"embeddable":true,"href":"https:\/\/oficinadevacinas.com.br\/wp\/index.php?rest_route=%2Fwp%2Fv2%2Fcomments&post=6314"}],"version-history":[{"count":8,"href":"https:\/\/oficinadevacinas.com.br\/wp\/index.php?rest_route=\/wp\/v2\/pages\/6314\/revisions"}],"predecessor-version":[{"id":6760,"href":"https:\/\/oficinadevacinas.com.br\/wp\/index.php?rest_route=\/wp\/v2\/pages\/6314\/revisions\/6760"}],"wp:attachment":[{"href":"https:\/\/oficinadevacinas.com.br\/wp\/index.php?rest_route=%2Fwp%2Fv2%2Fmedia&parent=6314"}],"curies":[{"name":"wp","href":"https:\/\/api.w.org\/{rel}","templated":true}]}}