{"id":6324,"date":"2014-12-16T19:15:36","date_gmt":"2014-12-16T19:15:36","guid":{"rendered":"http:\/\/oficinadevacinas.com.br\/wp\/?page_id=6324"},"modified":"2016-10-25T17:00:40","modified_gmt":"2016-10-25T17:00:40","slug":"2014-2","status":"publish","type":"page","link":"https:\/\/oficinadevacinas.com.br\/wp\/?page_id=6324","title":{"rendered":"Calend\u00e1rio SBIM 2016\/2017"},"content":{"rendered":"<p>Um conjunto de orienta\u00e7\u00f5es espec\u00edficas para cada faixa et\u00e1ria e tamb\u00e9m visando \u00e0 sa\u00fade do trabalhador exposto a riscos.<\/p>\n<p>Os calend\u00e1rios contemplam tamb\u00e9m as vacinas disponibilizadas pelo Programa Nacional de Imuniza\u00e7\u00f5es (PNI)<\/p>\n<p><a href=\"http:\/\/oficinadevacinas.com.br\/wp\/wp-content\/uploads\/2016\/10\/calendario_prematuro.pdf\" target=\"_blank\">Prematuros<\/a><br \/>\n<a title=\"Crian\u00e7as\" href=\"http:\/\/oficinadevacinas.com.br\/wp\/wp-content\/uploads\/2016\/10\/calendario_crianca.pdf\" target=\"_blank\">Crian\u00e7as<\/a><br \/>\n<a title=\"Adolescentes\" href=\"http:\/\/oficinadevacinas.com.br\/wp\/wp-content\/uploads\/2016\/10\/calendario_adolecente.pdf\" target=\"_blank\">Adolescentes<\/a><br \/>\n<a title=\"Homens\" href=\"http:\/\/oficinadevacinas.com.br\/wp\/wp-content\/uploads\/2016\/10\/calendario_adulto.pdf\" target=\"_blank\">Adutos<\/a><br \/>\n<a title=\"Idosos\" href=\"http:\/\/oficinadevacinas.com.br\/wp\/wp-content\/uploads\/2016\/10\/calendario_idoso.pdf\" target=\"_blank\"> Idosos<\/a><br \/>\n<a title=\"Ocupacional\" href=\"http:\/\/oficinadevacinas.com.br\/wp\/wp-content\/uploads\/2016\/10\/calendario_ocupacional.pdf\" target=\"_blank\"> Ocupacional<br \/>\n<\/a><\/p>\n","protected":false},"excerpt":{"rendered":"<p>Um conjunto de orienta\u00e7\u00f5es espec\u00edficas para cada faixa et\u00e1ria e tamb\u00e9m visando \u00e0 sa\u00fade do trabalhador exposto a riscos. Os calend\u00e1rios contemplam tamb\u00e9m as vacinas disponibilizadas pelo Programa Nacional de Imuniza\u00e7\u00f5es (PNI) Prematuros Crian\u00e7as Adolescentes Adutos Idosos Ocupacional<\/p>\n","protected":false},"author":1,"featured_media":0,"parent":0,"menu_order":0,"comment_status":"open","ping_status":"open","template":"","meta":[],"_links":{"self":[{"href":"https:\/\/oficinadevacinas.com.br\/wp\/index.php?rest_route=\/wp\/v2\/pages\/6324"}],"collection":[{"href":"https:\/\/oficinadevacinas.com.br\/wp\/index.php?rest_route=\/wp\/v2\/pages"}],"about":[{"href":"https:\/\/oficinadevacinas.com.br\/wp\/index.php?rest_route=\/wp\/v2\/types\/page"}],"author":[{"embeddable":true,"href":"https:\/\/oficinadevacinas.com.br\/wp\/index.php?rest_route=\/wp\/v2\/users\/1"}],"replies":[{"embeddable":true,"href":"https:\/\/oficinadevacinas.com.br\/wp\/index.php?rest_route=%2Fwp%2Fv2%2Fcomments&post=6324"}],"version-history":[{"count":10,"href":"https:\/\/oficinadevacinas.com.br\/wp\/index.php?rest_route=\/wp\/v2\/pages\/6324\/revisions"}],"predecessor-version":[{"id":6812,"href":"https:\/\/oficinadevacinas.com.br\/wp\/index.php?rest_route=\/wp\/v2\/pages\/6324\/revisions\/6812"}],"wp:attachment":[{"href":"https:\/\/oficinadevacinas.com.br\/wp\/index.php?rest_route=%2Fwp%2Fv2%2Fmedia&parent=6324"}],"curies":[{"name":"wp","href":"https:\/\/api.w.org\/{rel}","templated":true}]}}