{"id":6340,"date":"2014-12-16T19:20:40","date_gmt":"2014-12-16T19:20:40","guid":{"rendered":"http:\/\/oficinadevacinas.com.br\/wp\/?page_id=6340"},"modified":"2014-12-26T16:52:42","modified_gmt":"2014-12-26T16:52:42","slug":"cadastro","status":"publish","type":"page","link":"https:\/\/oficinadevacinas.com.br\/wp\/?page_id=6340","title":{"rendered":"Cadastro"},"content":{"rendered":"<p>Preencha o formul\u00e1rio abaixo para fazer seu cadastro.<\/p>\n<div class=\"wpcf7\" id=\"wpcf7-f6597-o1\" lang=\"pt-BR\" dir=\"ltr\">\n<div class=\"screen-reader-response\"><\/div>\n<form name=\"\" action=\"\/wp\/index.php?rest_route=%2Fwp%2Fv2%2Fpages%2F6340#wpcf7-f6597-o1\" method=\"post\" class=\"wpcf7-form\" novalidate=\"novalidate\">\n<div style=\"display: none;\">\n<input type=\"hidden\" name=\"_wpcf7\" value=\"6597\" \/>\n<input type=\"hidden\" name=\"_wpcf7_version\" value=\"4.0.3\" \/>\n<input type=\"hidden\" name=\"_wpcf7_locale\" value=\"pt_BR\" \/>\n<input type=\"hidden\" name=\"_wpcf7_unit_tag\" value=\"wpcf7-f6597-o1\" \/>\n<input type=\"hidden\" name=\"_wpnonce\" value=\"61dd9045a7\" \/>\n<\/div>\n<p>Seu nome (obrigat\u00f3rio)<br \/>\n    <span class=\"wpcf7-form-control-wrap your-name\"><input type=\"text\" name=\"your-name\" value=\"\" size=\"40\" class=\"wpcf7-form-control wpcf7-text wpcf7-validates-as-required\" aria-required=\"true\" aria-invalid=\"false\" \/><\/span> <\/p>\n<p>Seu n\u00famero de telefone (obrigat\u00f3rio)<br \/>\n    <span class=\"wpcf7-form-control-wrap your-phone\"><input type=\"text\" name=\"your-phone\" value=\"\" size=\"40\" class=\"wpcf7-form-control wpcf7-text wpcf7-validates-as-required\" aria-required=\"true\" aria-invalid=\"false\" \/><\/span><\/p>\n<p>Seu e-mail (obrigat\u00f3rio)<br \/>\n    <span class=\"wpcf7-form-control-wrap your-email\"><input type=\"email\" name=\"your-email\" value=\"\" size=\"40\" class=\"wpcf7-form-control wpcf7-text wpcf7-email wpcf7-validates-as-required wpcf7-validates-as-email\" aria-required=\"true\" aria-invalid=\"false\" \/><\/span> <\/p>\n<p>Sua data de nascimento (obrigat\u00f3rio)<br \/>\n    <span class=\"wpcf7-form-control-wrap your-birthdate\"><input type=\"text\" name=\"your-birthdate\" value=\"\" size=\"40\" class=\"wpcf7-form-control wpcf7-text wpcf7-validates-as-required\" aria-required=\"true\" aria-invalid=\"false\" \/><\/span> <\/p>\n<p>Seu endere\u00e7o (obrigat\u00f3rio)<br \/>\n    <span class=\"wpcf7-form-control-wrap your-adress\"><input type=\"text\" name=\"your-adress\" value=\"\" size=\"40\" class=\"wpcf7-form-control wpcf7-text wpcf7-validates-as-required\" aria-required=\"true\" aria-invalid=\"false\" \/><\/span> <\/p>\n<p>Seu CEP (obrigat\u00f3rio)<br \/>\n    <span class=\"wpcf7-form-control-wrap your-zip\"><input type=\"text\" name=\"your-zip\" value=\"\" size=\"40\" class=\"wpcf7-form-control wpcf7-text wpcf7-validates-as-required\" aria-required=\"true\" aria-invalid=\"false\" \/><\/span> <\/p>\n<p>Sua cidade (obrigat\u00f3rio)<br \/>\n    <span class=\"wpcf7-form-control-wrap your-city\"><input type=\"text\" name=\"your-city\" value=\"\" size=\"40\" class=\"wpcf7-form-control wpcf7-text wpcf7-validates-as-required\" aria-required=\"true\" aria-invalid=\"false\" \/><\/span> <\/p>\n<p>Seu UF (obrigat\u00f3rio)<br \/>\n    <span class=\"wpcf7-form-control-wrap your-state\"><input type=\"text\" name=\"your-state\" value=\"\" size=\"40\" class=\"wpcf7-form-control wpcf7-text wpcf7-validates-as-required\" aria-required=\"true\" aria-invalid=\"false\" \/><\/span> <\/p>\n<p>Informa\u00e7\u00f5es (obrigat\u00f3rio)<br \/>\n    <span class=\"wpcf7-form-control-wrap your-informations\"><input type=\"text\" name=\"your-informations\" value=\"\" size=\"40\" class=\"wpcf7-form-control wpcf7-text wpcf7-validates-as-required\" aria-required=\"true\" aria-invalid=\"false\" \/><\/span> <\/p>\n<p><input type=\"hidden\" name=\"contact_form_7_recaptcha\" value=\"g-recaptcha-reQBgQ72u2Dw908\" class=\"g-recaptcha-explicit-id\"><div id=\"g-recaptcha-reQBgQ72u2Dw908\"><\/div><span class=\"wpcf7-form-control-wrap g-recaptcha-explicit\" data-sitekey=\"6LeyACMTAAAAAHko01rh5SSfLmMIOLyHc7C4fOp4\"><\/span><\/p>\n<p><input type=\"submit\" value=\"Enviar\" class=\"wpcf7-form-control wpcf7-submit\" \/><\/p>\n<div class=\"wpcf7-response-output wpcf7-display-none\"><\/div><\/form><\/div>\n","protected":false},"excerpt":{"rendered":"<p>Preencha o formul\u00e1rio abaixo para fazer seu cadastro.<\/p>\n","protected":false},"author":1,"featured_media":0,"parent":0,"menu_order":0,"comment_status":"open","ping_status":"open","template":"","meta":[],"_links":{"self":[{"href":"https:\/\/oficinadevacinas.com.br\/wp\/index.php?rest_route=\/wp\/v2\/pages\/6340"}],"collection":[{"href":"https:\/\/oficinadevacinas.com.br\/wp\/index.php?rest_route=\/wp\/v2\/pages"}],"about":[{"href":"https:\/\/oficinadevacinas.com.br\/wp\/index.php?rest_route=\/wp\/v2\/types\/page"}],"author":[{"embeddable":true,"href":"https:\/\/oficinadevacinas.com.br\/wp\/index.php?rest_route=\/wp\/v2\/users\/1"}],"replies":[{"embeddable":true,"href":"https:\/\/oficinadevacinas.com.br\/wp\/index.php?rest_route=%2Fwp%2Fv2%2Fcomments&post=6340"}],"version-history":[{"count":6,"href":"https:\/\/oficinadevacinas.com.br\/wp\/index.php?rest_route=\/wp\/v2\/pages\/6340\/revisions"}],"predecessor-version":[{"id":6568,"href":"https:\/\/oficinadevacinas.com.br\/wp\/index.php?rest_route=\/wp\/v2\/pages\/6340\/revisions\/6568"}],"wp:attachment":[{"href":"https:\/\/oficinadevacinas.com.br\/wp\/index.php?rest_route=%2Fwp%2Fv2%2Fmedia&parent=6340"}],"curies":[{"name":"wp","href":"https:\/\/api.w.org\/{rel}","templated":true}]}}