{"id":6902,"date":"2018-04-06T18:47:44","date_gmt":"2018-04-06T18:47:44","guid":{"rendered":"http:\/\/oficinadevacinas.com.br\/wp\/?page_id=6902"},"modified":"2018-04-06T18:50:15","modified_gmt":"2018-04-06T18:50:15","slug":"gripe-a-necessidade-da-vacinacao","status":"publish","type":"page","link":"https:\/\/oficinadevacinas.com.br\/wp\/?page_id=6902","title":{"rendered":"Gripe &#8211; A NECESSIDADE DA VACINA\u00c7\u00c3O"},"content":{"rendered":"<p style=\"text-align: left;\"><a href=\"http:\/\/oficinadevacinas.com.br\/wp\/wp-content\/uploads\/2018\/04\/gripe.png\">\u00a0<\/a><\/p>\n<div style=\"font-family: Helvetica Neue, Helvetica, Arial, sans-serif; font-size: 13px;\">\n<div id=\"ydpb8fb163fyahoo_quoted_3965344949\" class=\"ydpb8fb163fyahoo_quoted\">\n<div style=\"font-family: 'Helvetica Neue', Helvetica, Arial, sans-serif; color: #26282a; font-size: 13px;\">\n<div>\n<div id=\"ydpb8fb163fyiv9600693297\">\n<div>\n<div class=\"ydpb8fb163fyiv9600693297wrap\">\n<table dir=\"ltr\" border=\"0\" width=\"100%\" cellspacing=\"0\" cellpadding=\"0\" align=\"center\">\n<tbody>\n<tr>\n<td style=\"margin: 0px; padding: 30px 0px 51px 0px;\" align=\"middle\" valign=\"top\">\n<table class=\"ydpb8fb163fyiv9600693297wrapper\" border=\"0\" width=\"600\" cellspacing=\"0\" cellpadding=\"0\" align=\"center\">\n<tbody>\n<tr>\n<td style=\"margin: 0px; padding: 0px;\" align=\"left\" valign=\"top\">\n<table border=\"0\" width=\"100%\" cellspacing=\"0\" cellpadding=\"0\" align=\"left\" bgcolor=\"#ffffff\">\n<tbody>\n<tr>\n<td style=\"margin: 0px; padding: 0px 50px 40px 50px;\" align=\"middle\" valign=\"top\">\n<div style=\"text-align: center; margin-top: 0px; width: 100%; margin-bottom: 0px;\">\n<p class=\"ydp15680e7cyiv1088771507ydp49891921yiv2807124417ydp2e602800msonormal\" style=\"text-align: center; font-family: 'Helvetica Neue', Helvetica, Arial, sans-serif; color: #000000;\" align=\"center\"><a href=\"http:\/\/oficinadevacinas.com.br\/wp\/wp-content\/uploads\/2018\/04\/gripe.png\"><img decoding=\"async\" loading=\"lazy\" class=\"alignnone size-full wp-image-6903\" src=\"http:\/\/oficinadevacinas.com.br\/wp\/wp-content\/uploads\/2018\/04\/gripe.png\" alt=\"gripe\" width=\"600\" height=\"600\" srcset=\"https:\/\/oficinadevacinas.com.br\/wp\/wp-content\/uploads\/2018\/04\/gripe.png 600w, https:\/\/oficinadevacinas.com.br\/wp\/wp-content\/uploads\/2018\/04\/gripe-150x150.png 150w, https:\/\/oficinadevacinas.com.br\/wp\/wp-content\/uploads\/2018\/04\/gripe-300x300.png 300w, https:\/\/oficinadevacinas.com.br\/wp\/wp-content\/uploads\/2018\/04\/gripe-440x440.png 440w\" sizes=\"(max-width: 600px) 100vw, 600px\" \/><\/a><\/p>\n<p class=\"ydp15680e7cyiv1088771507ydp49891921yiv2807124417ydp2e602800msonormal\" style=\"text-align: center; font-family: 'Helvetica Neue', Helvetica, Arial, sans-serif; color: #000000;\" align=\"center\">A NECESSIDADE DA VACINA\u00c7\u00c3O<\/p>\n<p class=\"ydp15680e7cyiv1088771507ydp49891921yiv2807124417ydp2e602800msonormal\" style=\"font-family: 'Helvetica Neue', Helvetica, Arial, sans-serif; color: #000000;\"><span style=\"font-size: 10pt;\">\u00a0<\/span><\/p>\n<p class=\"ydp15680e7cyiv1088771507ydp49891921yiv2807124417ydp2e602800msonormal\" style=\"text-align: justify; text-indent: 35.4pt; font-family: 'Helvetica Neue', Helvetica, Arial, sans-serif; color: #000000;\">A vacina\u00e7\u00e3o, assim como a visita m\u00e9dica para consultas peri\u00f3dicas, deve estar inclu\u00edda na rotina de sa\u00fade do ser humano em qualquer idade, isto \u00e9, dentro de uma\u00a0 prioridade\u00a0 fixada pela idade. A procura do indiv\u00edduo pela sala de consulta ou de vacina\u00e7\u00e3o torna-se fundamental para seu bem estar.<\/p>\n<p class=\"ydp15680e7cyiv1088771507ydp49891921yiv2807124417ydp2e602800msonormal\" style=\"text-align: justify; text-indent: 35.4pt; font-family: 'Helvetica Neue', Helvetica, Arial, sans-serif; color: #000000;\">Com poucas exce\u00e7\u00f5es, n\u00e3o existe sazonalidade na incid\u00eancia de doen\u00e7as infecciosas. A Varicela alcan\u00e7a maior incid\u00eancia no fim do inverno e in\u00edcio da primavera e a gripe (influenza), nas regi\u00f5es \u00a0de clima temperado a frio, o inverno \u00e9 o per\u00edodo\u00a0 mais propicio a dissemina\u00e7\u00e3o do v\u00edrus Nas regi\u00f5es de clima tropical a incid\u00eancia da gripe distribui-se por todo o ano.. Portanto todo o dia \u00e9 dia de vacina\u00e7\u00e3o.<\/p>\n<p class=\"ydp15680e7cyiv1088771507ydp49891921yiv2807124417ydp2e602800msonormal\" style=\"text-align: justify; text-indent: 35.4pt; font-family: 'Helvetica Neue', Helvetica, Arial, sans-serif; color: #000000;\">Vacina n\u00e3o \u00e9 somente para\u00a0crian\u00e7as. H\u00e1 uma vacina para cada etapa da vida.\u00a0Os prim\u00f3rdios da vacina\u00e7\u00e3o, quando se falava em calend\u00e1rio vacinal,\u00a0 referia-se a vacina\u00e7\u00e3o de crian\u00e7as. Com o decorrer do tempo, a evolu\u00e7\u00e3o t\u00e9cnica das vacinas, o aumento de oferta de novas vacinas, o progresso da Medicina fizeram\u00a0 com que, pouco a pouco, o conceito de vacina\u00e7\u00e3o alcan\u00e7ou o\u00a0 adulto. A vacina precursora desta modifica\u00e7\u00e3o conceitual foi a vacina contra o pneumococo (pneumonia).<\/p>\n<p class=\"ydp15680e7cyiv1088771507ydp49891921yiv2807124417ydp2e602800msonormal\" style=\"text-align: justify; text-indent: 35.4pt; font-family: 'Helvetica Neue', Helvetica, Arial, sans-serif; color: #000000;\">\u00c9 claro que nas idades iniciais o n\u00famero de vacinas a serem aplicadas \u00e9 muito maior que na idade adulta.<\/p>\n<p class=\"ydp15680e7cyiv1088771507ydp49891921yiv2807124417ydp2e602800msonormal\" style=\"text-align: justify; text-indent: 35.4pt; font-family: 'Helvetica Neue', Helvetica, Arial, sans-serif; color: #000000;\">Como n\u00e3o h\u00e1 previs\u00e3o de quando uma doen\u00e7a infecciosa vai surgir, \u00e9 de fundamental import\u00e2ncia manter-se em dia com a vacina\u00e7\u00e3o.<\/p>\n<p class=\"ydp15680e7cyiv1088771507ydp49891921yiv2807124417ydp2e602800msonormal\" style=\"text-align: justify; text-indent: 35.4pt; font-family: 'Helvetica Neue', Helvetica, Arial, sans-serif; color: #000000;\">Existem muitos mitos de que a aplica\u00e7\u00e3o de certas\u00a0 vacinas \u00a0induziria o aparecimento de uma outra doen\u00e7a, como por exemplo, a vacina contra o Sarampo desenvolveria autismo no receptor da vacina. Est\u00e1 comprovado de que n\u00e3o \u00e9 o que ocorre na pr\u00e1tica. Az vacinas de um modo geral s\u00e3o muito seguras. Mas isto n\u00e3o nos autoriza a dizer que n\u00e3o h\u00e1 rea\u00e7\u00f5es adversas p\u00f3s vacina\u00e7\u00e3o. Estas rea\u00e7\u00f5es s\u00e3o de dois tipos, locais e sist\u00eamicas. As rea\u00e7\u00f5es locais s\u00e3o as mais comuns e\u00a0 mais brandas. Nas proximidades do local de inocula\u00e7\u00e3o da vacina pode aparecer uma \u00e1rea avermelhada, um pequeno n\u00f3dulo, sensa\u00e7\u00e3o de dorm\u00eancia e dor discreta. J\u00e1 as rea\u00e7\u00f5es sist\u00eamicas s\u00e3o mais raras, mas no entanto mais chamativas \u2013 choro intenso, inconsol\u00e1vel com longa dura\u00e7\u00e3o;\u00a0 febre, mal estar, tonturas, desmaios , convuls\u00f5es e muito raramente \u00f3bito.<\/p>\n<p class=\"ydp15680e7cyiv1088771507ydp49891921yiv2807124417ydp2e602800msonormal\" style=\"text-align: justify; text-indent: 35.4pt; font-family: 'Helvetica Neue', Helvetica, Arial, sans-serif; color: #000000;\">N\u00e3o resta d\u00favida de que o custo\/benef\u00edcio da vacina\u00e7\u00e3o, pende com muita sobra para o lado do benef\u00edcio, tanto no lado individual como para a coletividade de indiv\u00edduos que repartem um mesmo espa\u00e7o de conviv\u00eancia: trabalhadores de industrias, comunidade escolar, pres\u00eddios, hospitais, casas de sa\u00fade e outros. \u00a0Para estas popula\u00e7\u00f5es as clinicas de vacinas oferecem servi\u00e7o de aplica\u00e7\u00e3o de vacinas. A este procedimento, chamado de vacina\u00e7\u00e3o extra muros, um cuidado especial deve ser tomado para salvaguarda da integridade da vacina \u2013 a manuten\u00e7\u00e3o da cadeia de frio, ou seja, o cuidado de manter as vacinas armazenadas em temperatura adequada, qual seja, entre 2 e 8\u00baC.<\/p>\n<p class=\"ydp15680e7cyiv1088771507ydp49891921MsoNormal\" style=\"font-family: 'Helvetica Neue', Helvetica, Arial, sans-serif; color: #000000; text-align: justify;\">\n<\/div>\n<\/td>\n<\/tr>\n<\/tbody>\n<\/table>\n<\/td>\n<\/tr>\n<\/tbody>\n<\/table>\n<\/td>\n<\/tr>\n<\/tbody>\n<\/table>\n<\/div>\n<\/div>\n<\/div>\n<\/div>\n<\/div>\n<\/div>\n<\/div>\n","protected":false},"excerpt":{"rendered":"<p>\u00a0 A NECESSIDADE DA VACINA\u00c7\u00c3O \u00a0 A vacina\u00e7\u00e3o, assim como a visita m\u00e9dica para consultas peri\u00f3dicas, deve estar inclu\u00edda na rotina de sa\u00fade do ser humano em qualquer idade, isto \u00e9, dentro de uma\u00a0 prioridade\u00a0 fixada pela idade. A procura do indiv\u00edduo pela sala de consulta ou de vacina\u00e7\u00e3o torna-se fundamental para seu bem estar&#8230;.<\/p>\n","protected":false},"author":1,"featured_media":0,"parent":0,"menu_order":0,"comment_status":"closed","ping_status":"closed","template":"","meta":[],"_links":{"self":[{"href":"https:\/\/oficinadevacinas.com.br\/wp\/index.php?rest_route=\/wp\/v2\/pages\/6902"}],"collection":[{"href":"https:\/\/oficinadevacinas.com.br\/wp\/index.php?rest_route=\/wp\/v2\/pages"}],"about":[{"href":"https:\/\/oficinadevacinas.com.br\/wp\/index.php?rest_route=\/wp\/v2\/types\/page"}],"author":[{"embeddable":true,"href":"https:\/\/oficinadevacinas.com.br\/wp\/index.php?rest_route=\/wp\/v2\/users\/1"}],"replies":[{"embeddable":true,"href":"https:\/\/oficinadevacinas.com.br\/wp\/index.php?rest_route=%2Fwp%2Fv2%2Fcomments&post=6902"}],"version-history":[{"count":3,"href":"https:\/\/oficinadevacinas.com.br\/wp\/index.php?rest_route=\/wp\/v2\/pages\/6902\/revisions"}],"predecessor-version":[{"id":6906,"href":"https:\/\/oficinadevacinas.com.br\/wp\/index.php?rest_route=\/wp\/v2\/pages\/6902\/revisions\/6906"}],"wp:attachment":[{"href":"https:\/\/oficinadevacinas.com.br\/wp\/index.php?rest_route=%2Fwp%2Fv2%2Fmedia&parent=6902"}],"curies":[{"name":"wp","href":"https:\/\/api.w.org\/{rel}","templated":true}]}}